{"id":1335,"date":"2023-12-13T21:17:58","date_gmt":"2023-12-13T21:17:58","guid":{"rendered":"https:\/\/valtours.hr\/web\/?page_id=1335"},"modified":"2023-12-15T23:06:44","modified_gmt":"2023-12-15T23:06:44","slug":"cetratour-2","status":"publish","type":"page","link":"https:\/\/valtours.hr\/?page_id=1335&lang=de","title":{"rendered":"\u00fcber uns"},"content":{"rendered":"\n<div class=\"wp-block-group alignfull has-base-background-color has-background has-global-padding is-layout-constrained wp-container-core-group-is-layout-d89aad35 wp-block-group-is-layout-constrained\" style=\"margin-top:0;margin-bottom:0;padding-top:var(--wp--preset--spacing--50);padding-right:var(--wp--preset--spacing--50);padding-bottom:var(--wp--preset--spacing--50);padding-left:var(--wp--preset--spacing--50)\">\n<div class=\"wp-block-columns alignwide is-layout-flex wp-container-core-columns-is-layout-549b0c86 wp-block-columns-is-layout-flex\">\n<div class=\"wp-block-column has-global-padding is-content-justification-left is-layout-constrained wp-container-core-column-is-layout-4f15e8fe wp-block-column-is-layout-constrained\" style=\"flex-basis:40%\">\n<figure class=\"wp-block-image alignfull size-full is-style-rounded is-style-rounded--1\"><img loading=\"lazy\" decoding=\"async\" width=\"2560\" height=\"1920\" src=\"https:\/\/valtours.hr\/web\/wp-content\/uploads\/2023\/12\/20180328_145923-scaled.jpg\" alt=\"\" class=\"wp-image-1349\" srcset=\"https:\/\/valtours.hr\/web\/wp-content\/uploads\/2023\/12\/20180328_145923-scaled.jpg 2560w, https:\/\/valtours.hr\/web\/wp-content\/uploads\/2023\/12\/20180328_145923-300x225.jpg 300w, https:\/\/valtours.hr\/web\/wp-content\/uploads\/2023\/12\/20180328_145923-1024x768.jpg 1024w, https:\/\/valtours.hr\/web\/wp-content\/uploads\/2023\/12\/20180328_145923-768x576.jpg 768w, https:\/\/valtours.hr\/web\/wp-content\/uploads\/2023\/12\/20180328_145923-1536x1152.jpg 1536w, https:\/\/valtours.hr\/web\/wp-content\/uploads\/2023\/12\/20180328_145923-2048x1536.jpg 2048w\" sizes=\"auto, (max-width: 2560px) 100vw, 2560px\" \/><\/figure>\n<\/div>\n\n\n\n<div class=\"wp-block-column is-layout-flow wp-container-core-column-is-layout-119bc444 wp-block-column-is-layout-flow\" style=\"flex-basis:60%\">\n<p class=\"has-heading-font-family has-x-large-font-size\" style=\"line-height:1.2\"><strong>WARUM SOLLTEN SIE VAL-TOURS ALS IHREN TOURISTISCHEN PARTNER IN KROATIEN W\u00c4HLEN?<\/strong><\/p>\n\n\n\n<div class=\"wp-block-columns is-layout-flex wp-container-core-columns-is-layout-87beb0d0 wp-block-columns-is-layout-flex\">\n<div class=\"wp-block-column is-layout-flow wp-block-column-is-layout-flow\">\n<p>VAL-TOURS ist ein Privatunternehmen mit Hauptsitz in Osijek, Kroatien, das seit 30 Jahren erfolgreich t\u00e4tig ist. Als Reiseb\u00fcro sind wir in allen Bereichen des Tourismus und Transports t\u00e4tig, von der Organisation lokaler Ausfl\u00fcge, Winterferien, Sommerferien bis hin zur Durchf\u00fchrung aller notwendigen Vorkehrungen f\u00fcr die Durchf\u00fchrung spezifischer touristischer Programme f\u00fcr Donaukreuzfahrtschiffe und ihre Touristengruppen (die Tagesausfl\u00fcge und Halbtagesausfl\u00fcge ).<\/p>\n\n\n\n<p>Unsere Arbeit tr\u00e4gt dazu bei, die Region Slavonija, Baranja und Srijem sowie den \u00f6stlichen Teil Kroatiens zu f\u00f6rdern, der noch recht unerforscht, aber gleichzeitig ein sehr interessantes Touristenziel ist. Dar\u00fcber hinaus verf\u00fcgen wir in unserem Unternehmen \u00fcber bestens ausgebildete Mitarbeiter \u2013 Englisch-, Deutsch- und Kroatisch-\u00dcbersetzer, Fremdsprachenkorrespondenten und erfahrene Reiseleiter, die bereits seit einiger Zeit mit ausl\u00e4ndischen G\u00e4sten arbeiten. Dabei handelt es sich um junge Menschen mit umfassenden Kenntnissen und flie\u00dfenden Englisch- und Deutschkenntnissen. Dar\u00fcber hinaus sind sie alle kommunikativ und erhalten von unseren G\u00e4sten stets ein hervorragendes Feedback.<\/p>\n\n\n\n<p>Wir besitzen auch moderne, hochwertige Reisebusse (Marken Mercedes, Man) mit ca. 50 Sitzpl\u00e4tzen pro Bus, Klimaanlage, WC und TV.<\/p>\n\n\n\n<p>Dar\u00fcber hinaus sind wir hochmotiviert und bereit, uns neuen Herausforderungen zu stellen. Wir kennen die lokalen Br\u00e4uche und die Geschichte der Region, die wir Ihnen durch eine hochwertige Pr\u00e4sentation vermitteln k\u00f6nnen. Alles oben Genannte wurde durch das positive Feedback unserer G\u00e4ste in der Saison 2023 best\u00e4tigt. Konkret hatten wir in der vergangenen Saison mehr als 500.000 G\u00e4ste, die diese Region auf Reisen mit den Donaukreuzfahrtschiffen besucht haben. Sie fanden diese Region mehr als sch\u00f6n und haben unsere Arbeit und unseren Einsatz mit hervorragenden Bewertungen bewertet.<\/p>\n<\/div>\n\n\n\n<div class=\"wp-block-column is-layout-flow wp-block-column-is-layout-flow\">\n<p>Wir haben uns auf die Organisation von hausgemachten Mittagessen spezialisiert, bei denen unsere G\u00e4ste die M\u00f6glichkeit haben, eine Mahlzeit einzunehmen und Gesellschaft mit durchschnittlichen, aber sehr gastfreundlichen kroatischen Familien zu teilen. Es stellte sich heraus, dass dies der H\u00f6hepunkt ihres Tages war. Unsere G\u00e4ste haben auch die M\u00f6glichkeit, die lokalen Spezialit\u00e4ten zu probieren, n\u00e4mlich \u0160ljivovica \u2013 Pflaumenschnaps. Neben dem Mittagessen und der Gesellschaft haben unsere G\u00e4ste auch die M\u00f6glichkeit, die wundersch\u00f6ne Landschaft zu genie\u00dfen, denn in dieser Region befindet sich eines der reichsten Vogelschutzgebiete in diesem Teil Europas, Kopa\u010dki Rit. Dabei handelt es sich um ein Feuchtgebiet an der M\u00fcndung der Drau in die Donau, in dem \u00fcber 200 Vogelarten beheimatet oder teilweise beheimatet sind.<\/p>\n\n\n\n<p>Die gr\u00f6\u00dfte Stadt der Region ist Osijek, eine kleine Stadt mit reichem kulturellen und historischen Erbe. Das Herz der Stadt ist Tvr\u0111a \u2013 die Festung, eine Festung aus dem 18. Jahrhundert.<\/p>\n\n\n\n<p>Die Region ist auch f\u00fcr ihre Weine und Weinstra\u00dfen bekannt. Wundersch\u00f6ne h\u00fcgelige Abschnitte umgeben diesen ansonsten flachen Teil Kroatiens, und entlang dieser Stra\u00dfe gibt es viele Weinkeller, die ausgezeichnete Wei\u00dfweine produzieren. Wir haben in der Vergangenheit sehr positive Erfahrungen mit der Organisation solcher Besuche gemacht und k\u00f6nnen diese auch in Zukunft organisieren, da wir sehr gut mit den \u00f6rtlichen Winzern zusammenarbeiten. Wir k\u00f6nnen die Sache auch mit Tamburica-Musik, Tanz und Gesang noch mehr aufpeppen.<\/p>\n<\/div>\n<\/div>\n<\/div>\n<\/div>\n<\/div>\n","protected":false},"excerpt":{"rendered":"<p>WARUM SOLLTEN SIE VAL-TOURS ALS IHREN TOURISTISCHEN PARTNER IN KROATIEN W\u00c4HLEN? VAL-TOURS ist ein Privatunternehmen mit Hauptsitz in Osijek, Kroatien, das seit 30 Jahren erfolgreich t\u00e4tig ist. Als Reiseb\u00fcro sind wir in allen Bereichen des Tourismus und Transports t\u00e4tig, von der Organisation lokaler Ausfl\u00fcge, Winterferien, Sommerferien bis hin zur Durchf\u00fchrung aller notwendigen Vorkehrungen f\u00fcr die [&hellip;]<\/p>\n","protected":false},"author":1,"featured_media":0,"parent":0,"menu_order":1,"comment_status":"closed","ping_status":"closed","template":"page-no-title","meta":{"footnotes":""},"class_list":["post-1335","page","type-page","status-publish","hentry"],"_links":{"self":[{"href":"https:\/\/valtours.hr\/index.php?rest_route=\/wp\/v2\/pages\/1335","targetHints":{"allow":["GET"]}}],"collection":[{"href":"https:\/\/valtours.hr\/index.php?rest_route=\/wp\/v2\/pages"}],"about":[{"href":"https:\/\/valtours.hr\/index.php?rest_route=\/wp\/v2\/types\/page"}],"author":[{"embeddable":true,"href":"https:\/\/valtours.hr\/index.php?rest_route=\/wp\/v2\/users\/1"}],"replies":[{"embeddable":true,"href":"https:\/\/valtours.hr\/index.php?rest_route=%2Fwp%2Fv2%2Fcomments&post=1335"}],"version-history":[{"count":4,"href":"https:\/\/valtours.hr\/index.php?rest_route=\/wp\/v2\/pages\/1335\/revisions"}],"predecessor-version":[{"id":1393,"href":"https:\/\/valtours.hr\/index.php?rest_route=\/wp\/v2\/pages\/1335\/revisions\/1393"}],"wp:attachment":[{"href":"https:\/\/valtours.hr\/index.php?rest_route=%2Fwp%2Fv2%2Fmedia&parent=1335"}],"curies":[{"name":"wp","href":"https:\/\/api.w.org\/{rel}","templated":true}]}}