{"id":1279,"date":"2023-12-07T19:18:29","date_gmt":"2023-12-07T19:18:29","guid":{"rendered":"https:\/\/valtours.hr\/web\/?page_id=1279"},"modified":"2023-12-20T12:54:52","modified_gmt":"2023-12-20T12:54:52","slug":"home_de","status":"publish","type":"page","link":"https:\/\/valtours.hr\/?page_id=1279&lang=de","title":{"rendered":"home"},"content":{"rendered":"\n<div class=\"wp-block-group alignfull has-global-padding is-layout-constrained wp-container-core-group-is-layout-11c1ca01 wp-block-group-is-layout-constrained\" style=\"padding-right:var(--wp--preset--spacing--50);padding-left:var(--wp--preset--spacing--50)\">\n<div class=\"alignnormal\"><div id=\"metaslider-id-1214\" style=\"width: 100%; margin: 0 auto;\" class=\"ml-slider-3-103-0 metaslider metaslider-flex metaslider-1214 ml-slider ms-theme-default nav-hidden\" role=\"region\" aria-label=\"naslovna\" data-height=\"548\" data-width=\"1280\">\n    <div id=\"metaslider_container_1214\">\n        <div id=\"metaslider_1214\" class=\"flexslider\">\n            <ul class='slides'>\n                <li style=\"display: block; width: 100%;\" class=\"slide-1217 ms-image \" aria-roledescription=\"slide\" data-date=\"2023-12-05 13:54:23\" data-slide-type=\"image\"><img loading=\"lazy\" decoding=\"async\" src=\"https:\/\/valtours.hr\/web\/wp-content\/uploads\/2023\/12\/IMG-1d341d5d7e31b2cd188fda1f377361ac-V-1280x548.jpg\" height=\"548\" width=\"1280\" alt=\"\" class=\"slider-1214 slide-1217 msDefaultImage\" title=\"IMG-1d341d5d7e31b2cd188fda1f377361ac-V\" \/><\/li>\n                <li style=\"display: none; width: 100%;\" class=\"slide-1216 ms-image \" aria-roledescription=\"slide\" data-date=\"2023-12-05 13:54:23\" data-slide-type=\"image\"><img loading=\"lazy\" decoding=\"async\" src=\"https:\/\/valtours.hr\/web\/wp-content\/uploads\/2023\/12\/20220930_122525-scaled-1280x548.jpg\" height=\"548\" width=\"1280\" alt=\"\" class=\"slider-1214 slide-1216 msDefaultImage\" title=\"20220930_122525\" \/><\/li>\n                <li style=\"display: none; width: 100%;\" class=\"slide-1215 ms-image \" aria-roledescription=\"slide\" data-date=\"2023-12-05 13:54:22\" data-slide-type=\"image\"><img loading=\"lazy\" decoding=\"async\" src=\"https:\/\/valtours.hr\/web\/wp-content\/uploads\/2023\/12\/20180328_145923-scaled-1280x548.jpg\" height=\"548\" width=\"1280\" alt=\"\" class=\"slider-1214 slide-1215 msDefaultImage\" title=\"20180328_145923\" \/><\/li>\n                <li style=\"display: none; width: 100%;\" class=\"slide-1265 ms-image \" aria-roledescription=\"slide\" data-date=\"2023-12-07 18:12:57\" data-slide-type=\"image\"><img loading=\"lazy\" decoding=\"async\" src=\"https:\/\/valtours.hr\/web\/wp-content\/uploads\/2023\/12\/20190225_132523-scaled-1280x548.jpg\" height=\"548\" width=\"1280\" alt=\"\" class=\"slider-1214 slide-1265 msDefaultImage\" title=\"20190225_132523\" \/><\/li>\n            <\/ul>\n        <\/div>\n        \n    <\/div>\n<\/div><\/div>\n<\/div>\n\n\n\n<div class=\"wp-block-group alignfull has-global-padding is-layout-constrained wp-container-core-group-is-layout-d89aad35 wp-block-group-is-layout-constrained\" style=\"margin-top:0;margin-bottom:0;padding-top:var(--wp--preset--spacing--50);padding-right:var(--wp--preset--spacing--50);padding-bottom:var(--wp--preset--spacing--50);padding-left:var(--wp--preset--spacing--50)\">\n<div class=\"wp-block-group alignwide has-global-padding is-layout-constrained wp-container-core-group-is-layout-19e250f3 wp-block-group-is-layout-constrained\">\n<div class=\"wp-block-group is-vertical is-content-justification-center is-layout-flex wp-container-core-group-is-layout-6329a8f3 wp-block-group-is-layout-flex\">\n<h2 class=\"wp-block-heading has-text-align-center is-style-default\">VAL-TOURS &#8211; Ihre T\u00fcr zu den verborgenen Sch\u00e4tzen Kroatien<\/h2>\n\n\n\n<p class=\"has-text-align-center\">VAL-TOURS ist ein Reiseb\u00fcro mit Sitz in Osijek, Kroatien, das verschiedene touristische und Transportdienstleistungen insbesondere f\u00fcr Flusskreuzfahrtschiffe und deren Touristengruppen anbietet. Wir verf\u00fcgen \u00fcber erfahrenes Personal, moderne Busse und einzigartige Programme, die hausgemachte Mittagessen, Weinstra\u00dfen und Besuche historischer und nat\u00fcrlicher Sehensw\u00fcrdigkeiten der Region umfassen.<\/p>\n<\/div>\n\n\n\n<div style=\"height:var(--wp--preset--spacing--40)\" aria-hidden=\"true\" class=\"wp-block-spacer\"><\/div>\n\n\n\n<div class=\"wp-block-columns alignwide is-layout-flex wp-container-core-columns-is-layout-d1c656ed wp-block-columns-is-layout-flex\">\n<div class=\"wp-block-column is-vertically-aligned-center is-layout-flow wp-block-column-is-layout-flow\" style=\"flex-basis:40%\">\n<h3 class=\"wp-block-heading is-style-default\">Organisation lokaler Ausfl\u00fcge<\/h3>\n\n\n\n<p>Wir organisieren eine gro\u00dfe Auswahl an lokalen Ausfl\u00fcgen; Reiseleitung in der gesamten Region Slawonien und Srijem in Begleitung lizenzierter Reiseleiter, Besuche von Weing\u00fctern in den Weinregionen Baranja und Ilok, Transport mit modernen Touristenbussen und Lieferwagen aus unserem eigenen Fuhrpark.<\/p>\n<\/div>\n\n\n\n<div class=\"wp-block-column is-layout-flow wp-block-column-is-layout-flow\" style=\"flex-basis:50%\">\n<figure class=\"wp-block-image size-full is-style-rounded is-style-rounded--1\"><img loading=\"lazy\" decoding=\"async\" width=\"1024\" height=\"683\" src=\"https:\/\/valtours.hr\/web\/wp-content\/uploads\/2023\/12\/inja-pavlic-PsNQLQC4kGg-unsplash-1024x683-2.jpg\" alt=\"\" class=\"wp-image-1313\" srcset=\"https:\/\/valtours.hr\/web\/wp-content\/uploads\/2023\/12\/inja-pavlic-PsNQLQC4kGg-unsplash-1024x683-2.jpg 1024w, https:\/\/valtours.hr\/web\/wp-content\/uploads\/2023\/12\/inja-pavlic-PsNQLQC4kGg-unsplash-1024x683-2-300x200.jpg 300w, https:\/\/valtours.hr\/web\/wp-content\/uploads\/2023\/12\/inja-pavlic-PsNQLQC4kGg-unsplash-1024x683-2-768x512.jpg 768w\" sizes=\"auto, (max-width: 1024px) 100vw, 1024px\" \/><\/figure>\n<\/div>\n<\/div>\n\n\n\n<div style=\"height:var(--wp--preset--spacing--40)\" aria-hidden=\"true\" class=\"wp-block-spacer\"><\/div>\n\n\n\n<div class=\"wp-block-columns alignwide is-layout-flex wp-container-core-columns-is-layout-d1c656ed wp-block-columns-is-layout-flex\">\n<div class=\"wp-block-column is-layout-flow wp-block-column-is-layout-flow\" style=\"flex-basis:50%\">\n<figure class=\"wp-block-image size-full is-style-rounded is-style-rounded--2\"><img loading=\"lazy\" decoding=\"async\" width=\"1024\" height=\"683\" src=\"https:\/\/valtours.hr\/web\/wp-content\/uploads\/2023\/12\/aleksey-petkovic-jQu6eDpUp0c-unsplash-1024x683-2.jpg\" alt=\"\" class=\"wp-image-1314\" srcset=\"https:\/\/valtours.hr\/web\/wp-content\/uploads\/2023\/12\/aleksey-petkovic-jQu6eDpUp0c-unsplash-1024x683-2.jpg 1024w, https:\/\/valtours.hr\/web\/wp-content\/uploads\/2023\/12\/aleksey-petkovic-jQu6eDpUp0c-unsplash-1024x683-2-300x200.jpg 300w, https:\/\/valtours.hr\/web\/wp-content\/uploads\/2023\/12\/aleksey-petkovic-jQu6eDpUp0c-unsplash-1024x683-2-768x512.jpg 768w\" sizes=\"auto, (max-width: 1024px) 100vw, 1024px\" \/><\/figure>\n<\/div>\n\n\n\n<div class=\"wp-block-column is-vertically-aligned-center is-layout-flow wp-block-column-is-layout-flow\" style=\"flex-basis:40%\">\n<h3 class=\"wp-block-heading is-style-default\"><strong><br><\/strong>Logistische Dienstleistungen f\u00fcr Flusskreuzfahrten auf der Donau, Drau, Sava<\/h3>\n\n\n\n<p>Wir sind auf die Koordinierung und Umsetzung von Programmen f\u00fcr G\u00e4ste von Flusskreuzfahrten spezialisiert, die Besuche in Osijek, Vukovar, Ilok und Aljma\u0161 umfassen. Wir sind das gr\u00f6\u00dfte private DMC-Tourismusunternehmen in Ostkroatien mit \u00fcber 20 Jahren Erfahrung im Flusskreuzfahrttourismus und sind sehr stolz auf unsere reiche Erfahrung aus 20 Jahren erfolgreicher Gesch\u00e4ftst\u00e4tigkeit in diesem Segment und \u00fcber eine Million zufriedener G\u00e4ste.<\/p>\n<\/div>\n<\/div>\n<\/div>\n<\/div>\n\n\n\n<div class=\"wp-block-group alignfull has-base-2-background-color has-background has-global-padding is-layout-constrained wp-container-core-group-is-layout-669513ed wp-block-group-is-layout-constrained\" style=\"margin-top:0;margin-bottom:0;padding-top:var(--wp--preset--spacing--50);padding-right:var(--wp--preset--spacing--50);padding-bottom:var(--wp--preset--spacing--50);padding-left:var(--wp--preset--spacing--50)\">\n<div class=\"wp-block-group is-vertical is-content-justification-center is-layout-flex wp-container-core-group-is-layout-52b864f0 wp-block-group-is-layout-flex\">\n<h2 class=\"wp-block-heading has-text-align-center is-style-default\">Gesch\u00e4ftsaktivit\u00e4ten von VAL-TOURS<\/h2>\n\n\n\n<div style=\"height:0px\" aria-hidden=\"true\" class=\"wp-block-spacer wp-container-content-4f2ccadb\"><\/div>\n\n\n\n<p class=\"has-text-align-center\"><\/p>\n<\/div>\n\n\n\n<div style=\"margin-top:0;margin-bottom:0;height:var(--wp--preset--spacing--40)\" aria-hidden=\"true\" class=\"wp-block-spacer\"><\/div>\n\n\n\n<div class=\"wp-block-columns alignwide is-layout-flex wp-container-core-columns-is-layout-d0bbbce0 wp-block-columns-is-layout-flex\">\n<div class=\"wp-block-column is-layout-flow wp-container-core-column-is-layout-e3d1c41b wp-block-column-is-layout-flow\">\n<h3 class=\"wp-block-heading has-text-align-left is-style-asterisk has-body-font-family has-medium-font-size\" style=\"font-style:normal;font-weight:600\"><\/h3>\n\n\n\n<figure class=\"wp-block-image size-large has-custom-border\"><img loading=\"lazy\" decoding=\"async\" width=\"768\" height=\"1024\" src=\"https:\/\/valtours.hr\/web\/wp-content\/uploads\/2023\/12\/20180718_160500-768x1024.jpg\" alt=\"\" class=\"wp-image-1356\" style=\"border-radius:20px;aspect-ratio:16\/9;object-fit:cover\" srcset=\"https:\/\/valtours.hr\/web\/wp-content\/uploads\/2023\/12\/20180718_160500-768x1024.jpg 768w, https:\/\/valtours.hr\/web\/wp-content\/uploads\/2023\/12\/20180718_160500-225x300.jpg 225w, https:\/\/valtours.hr\/web\/wp-content\/uploads\/2023\/12\/20180718_160500-1152x1536.jpg 1152w, https:\/\/valtours.hr\/web\/wp-content\/uploads\/2023\/12\/20180718_160500-1536x2048.jpg 1536w, https:\/\/valtours.hr\/web\/wp-content\/uploads\/2023\/12\/20180718_160500-scaled.jpg 1920w\" sizes=\"auto, (max-width: 768px) 100vw, 768px\" \/><\/figure>\n\n\n\n<p class=\"has-text-align-left\">Organisation von Gruppenbesuchen, Ausfl\u00fcgen sowie Reisen und Veranstaltungen.<\/p>\n<\/div>\n\n\n\n<div class=\"wp-block-column is-layout-flow wp-container-core-column-is-layout-e3d1c41b wp-block-column-is-layout-flow\">\n<h3 class=\"wp-block-heading has-text-align-left is-style-asterisk has-body-font-family has-medium-font-size\" style=\"font-style:normal;font-weight:600\"><\/h3>\n\n\n\n<figure class=\"wp-block-image size-large has-custom-border\"><img loading=\"lazy\" decoding=\"async\" width=\"1024\" height=\"768\" src=\"https:\/\/valtours.hr\/web\/wp-content\/uploads\/2023\/12\/20231019_163411-1024x768.jpg\" alt=\"\" class=\"wp-image-1358\" style=\"border-radius:20px;aspect-ratio:16\/9;object-fit:cover\" srcset=\"https:\/\/valtours.hr\/web\/wp-content\/uploads\/2023\/12\/20231019_163411-1024x768.jpg 1024w, https:\/\/valtours.hr\/web\/wp-content\/uploads\/2023\/12\/20231019_163411-300x225.jpg 300w, https:\/\/valtours.hr\/web\/wp-content\/uploads\/2023\/12\/20231019_163411-768x576.jpg 768w, https:\/\/valtours.hr\/web\/wp-content\/uploads\/2023\/12\/20231019_163411-1536x1152.jpg 1536w, https:\/\/valtours.hr\/web\/wp-content\/uploads\/2023\/12\/20231019_163411-2048x1536.jpg 2048w\" sizes=\"auto, (max-width: 1024px) 100vw, 1024px\" \/><\/figure>\n\n\n\n<p class=\"has-text-align-left\">Vermietung von Touristentransportern (bis zu 9 Sitzpl\u00e4tze) sowie Spezialtransportern f\u00fcr den Transport von Personen mit eingeschr\u00e4nkter Mobilit\u00e4t.<\/p>\n<\/div>\n\n\n\n<div class=\"wp-block-column is-layout-flow wp-container-core-column-is-layout-e3d1c41b wp-block-column-is-layout-flow\">\n<h3 class=\"wp-block-heading has-text-align-left is-style-asterisk has-body-font-family has-medium-font-size\" style=\"font-style:normal;font-weight:600\"><\/h3>\n\n\n\n<figure class=\"wp-block-image size-large has-custom-border\"><img loading=\"lazy\" decoding=\"async\" width=\"1024\" height=\"768\" src=\"https:\/\/valtours.hr\/web\/wp-content\/uploads\/2023\/12\/20180328_145923-1024x768.jpg\" alt=\"\" class=\"wp-image-1349\" style=\"border-radius:20px;aspect-ratio:16\/9;object-fit:cover\" srcset=\"https:\/\/valtours.hr\/web\/wp-content\/uploads\/2023\/12\/20180328_145923-1024x768.jpg 1024w, https:\/\/valtours.hr\/web\/wp-content\/uploads\/2023\/12\/20180328_145923-300x225.jpg 300w, https:\/\/valtours.hr\/web\/wp-content\/uploads\/2023\/12\/20180328_145923-768x576.jpg 768w, https:\/\/valtours.hr\/web\/wp-content\/uploads\/2023\/12\/20180328_145923-1536x1152.jpg 1536w, https:\/\/valtours.hr\/web\/wp-content\/uploads\/2023\/12\/20180328_145923-2048x1536.jpg 2048w\" sizes=\"auto, (max-width: 1024px) 100vw, 1024px\" \/><\/figure>\n\n\n\n<p class=\"has-text-align-left\">Touristenbusvermietung mit Fahrer (von 30 bis 68 Sitzpl\u00e4tzen).<\/p>\n<\/div>\n<\/div>\n\n\n\n<div style=\"height:var(--wp--preset--spacing--20)\" aria-hidden=\"true\" class=\"wp-block-spacer\"><\/div>\n\n\n\n<div class=\"wp-block-columns alignwide is-layout-flex wp-container-core-columns-is-layout-d0bbbce0 wp-block-columns-is-layout-flex\">\n<div class=\"wp-block-column is-layout-flow wp-container-core-column-is-layout-e3d1c41b wp-block-column-is-layout-flow\">\n<h3 class=\"wp-block-heading has-text-align-left is-style-asterisk has-body-font-family has-medium-font-size\" style=\"font-style:normal;font-weight:600\"><\/h3>\n\n\n\n<figure class=\"wp-block-image size-large has-custom-border\"><img loading=\"lazy\" decoding=\"async\" width=\"1024\" height=\"768\" src=\"https:\/\/valtours.hr\/web\/wp-content\/uploads\/2023\/12\/20230812_184625-1024x768.jpg\" alt=\"\" class=\"wp-image-1357\" style=\"border-radius:20px;aspect-ratio:16\/9;object-fit:cover\" srcset=\"https:\/\/valtours.hr\/web\/wp-content\/uploads\/2023\/12\/20230812_184625-1024x768.jpg 1024w, https:\/\/valtours.hr\/web\/wp-content\/uploads\/2023\/12\/20230812_184625-300x225.jpg 300w, https:\/\/valtours.hr\/web\/wp-content\/uploads\/2023\/12\/20230812_184625-768x576.jpg 768w, https:\/\/valtours.hr\/web\/wp-content\/uploads\/2023\/12\/20230812_184625-1536x1152.jpg 1536w, https:\/\/valtours.hr\/web\/wp-content\/uploads\/2023\/12\/20230812_184625-2048x1536.jpg 2048w\" sizes=\"auto, (max-width: 1024px) 100vw, 1024px\" \/><\/figure>\n\n\n\n<p class=\"has-text-align-left\">Vermietet Ausr\u00fcstung f\u00fcr Freizeitaktivit\u00e4ten (Fahrr\u00e4der, E-Bikes, Kanus, Boote zum Angeln auf Fl\u00fcssen und im Meer).<\/p>\n<\/div>\n\n\n\n<div class=\"wp-block-column is-layout-flow wp-container-core-column-is-layout-e3d1c41b wp-block-column-is-layout-flow\">\n<h3 class=\"wp-block-heading has-text-align-left is-style-asterisk has-body-font-family has-medium-font-size\" style=\"font-style:normal;font-weight:600\"><\/h3>\n\n\n\n<figure class=\"wp-block-image size-large has-custom-border\"><img loading=\"lazy\" decoding=\"async\" width=\"1024\" height=\"768\" src=\"https:\/\/valtours.hr\/web\/wp-content\/uploads\/2023\/12\/20230128_101221-1024x768.jpg\" alt=\"\" class=\"wp-image-1351\" style=\"border-radius:20px;aspect-ratio:16\/9;object-fit:cover\" srcset=\"https:\/\/valtours.hr\/web\/wp-content\/uploads\/2023\/12\/20230128_101221-1024x768.jpg 1024w, https:\/\/valtours.hr\/web\/wp-content\/uploads\/2023\/12\/20230128_101221-300x225.jpg 300w, https:\/\/valtours.hr\/web\/wp-content\/uploads\/2023\/12\/20230128_101221-768x576.jpg 768w, https:\/\/valtours.hr\/web\/wp-content\/uploads\/2023\/12\/20230128_101221-1536x1152.jpg 1536w, https:\/\/valtours.hr\/web\/wp-content\/uploads\/2023\/12\/20230128_101221-2048x1536.jpg 2048w\" sizes=\"auto, (max-width: 1024px) 100vw, 1024px\" \/><\/figure>\n\n\n\n<p class=\"has-text-align-left\">Lizenzierte Reisef\u00fchrer (Englisch, Deutsch, Spanisch, Italienisch, Ungarisch&#8230;).<\/p>\n<\/div>\n\n\n\n<div class=\"wp-block-column is-layout-flow wp-container-core-column-is-layout-e3d1c41b wp-block-column-is-layout-flow\">\n<h3 class=\"wp-block-heading has-text-align-left is-style-asterisk has-body-font-family has-medium-font-size\" style=\"font-style:normal;font-weight:600\"><\/h3>\n\n\n\n<figure class=\"wp-block-image size-large has-custom-border\"><img loading=\"lazy\" decoding=\"async\" width=\"1024\" height=\"768\" src=\"https:\/\/valtours.hr\/web\/wp-content\/uploads\/2023\/12\/20190225_132523-1024x768.jpg\" alt=\"\" class=\"wp-image-1355\" style=\"border-radius:20px;aspect-ratio:16\/9;object-fit:cover\" srcset=\"https:\/\/valtours.hr\/web\/wp-content\/uploads\/2023\/12\/20190225_132523-1024x768.jpg 1024w, https:\/\/valtours.hr\/web\/wp-content\/uploads\/2023\/12\/20190225_132523-300x225.jpg 300w, https:\/\/valtours.hr\/web\/wp-content\/uploads\/2023\/12\/20190225_132523-768x576.jpg 768w, https:\/\/valtours.hr\/web\/wp-content\/uploads\/2023\/12\/20190225_132523-1536x1152.jpg 1536w, https:\/\/valtours.hr\/web\/wp-content\/uploads\/2023\/12\/20190225_132523-2048x1536.jpg 2048w\" sizes=\"auto, (max-width: 1024px) 100vw, 1024px\" \/><\/figure>\n\n\n\n<p class=\"has-text-align-left\">Lizenzierte Bike-Guides (Englisch, Deutsch).<\/p>\n<\/div>\n<\/div>\n\n\n\n<div style=\"height:var(--wp--preset--spacing--20)\" aria-hidden=\"true\" class=\"wp-block-spacer\"><\/div>\n\n\n\n<div class=\"wp-block-columns alignwide is-layout-flex wp-container-core-columns-is-layout-d0bbbce0 wp-block-columns-is-layout-flex\">\n<div class=\"wp-block-column is-layout-flow wp-container-core-column-is-layout-e3d1c41b wp-block-column-is-layout-flow\">\n<h3 class=\"wp-block-heading has-text-align-left is-style-asterisk has-body-font-family has-medium-font-size\" style=\"font-style:normal;font-weight:600\"><\/h3>\n\n\n\n<figure class=\"wp-block-image size-large has-custom-border\"><img loading=\"lazy\" decoding=\"async\" width=\"1024\" height=\"768\" src=\"https:\/\/valtours.hr\/web\/wp-content\/uploads\/2023\/12\/20230128_101635-1024x768.jpg\" alt=\"\" class=\"wp-image-1350\" style=\"border-radius:20px;aspect-ratio:16\/9;object-fit:cover\" srcset=\"https:\/\/valtours.hr\/web\/wp-content\/uploads\/2023\/12\/20230128_101635-1024x768.jpg 1024w, https:\/\/valtours.hr\/web\/wp-content\/uploads\/2023\/12\/20230128_101635-300x225.jpg 300w, https:\/\/valtours.hr\/web\/wp-content\/uploads\/2023\/12\/20230128_101635-768x576.jpg 768w, https:\/\/valtours.hr\/web\/wp-content\/uploads\/2023\/12\/20230128_101635-1536x1152.jpg 1536w, https:\/\/valtours.hr\/web\/wp-content\/uploads\/2023\/12\/20230128_101635-2048x1536.jpg 2048w\" sizes=\"auto, (max-width: 1024px) 100vw, 1024px\" \/><\/figure>\n\n\n\n<p class=\"has-text-align-left\">Herstellung und Verkauf autochthoner Souvenirs.<\/p>\n<\/div>\n\n\n\n<div class=\"wp-block-column is-layout-flow wp-container-core-column-is-layout-e3d1c41b wp-block-column-is-layout-flow\">\n<h3 class=\"wp-block-heading has-text-align-left is-style-asterisk has-body-font-family has-medium-font-size\" style=\"font-style:normal;font-weight:600\"><\/h3>\n\n\n\n<figure class=\"wp-block-image size-large has-custom-border\"><img loading=\"lazy\" decoding=\"async\" width=\"1024\" height=\"683\" src=\"https:\/\/valtours.hr\/web\/wp-content\/uploads\/2023\/12\/anthony-delanoix-hzgs56Ze49s-unsplash-1024x683.jpg\" alt=\"\" class=\"wp-image-1365\" style=\"border-radius:20px;aspect-ratio:16\/9;object-fit:cover\" srcset=\"https:\/\/valtours.hr\/web\/wp-content\/uploads\/2023\/12\/anthony-delanoix-hzgs56Ze49s-unsplash-1024x683.jpg 1024w, https:\/\/valtours.hr\/web\/wp-content\/uploads\/2023\/12\/anthony-delanoix-hzgs56Ze49s-unsplash-300x200.jpg 300w, https:\/\/valtours.hr\/web\/wp-content\/uploads\/2023\/12\/anthony-delanoix-hzgs56Ze49s-unsplash-768x512.jpg 768w, https:\/\/valtours.hr\/web\/wp-content\/uploads\/2023\/12\/anthony-delanoix-hzgs56Ze49s-unsplash-1536x1024.jpg 1536w, https:\/\/valtours.hr\/web\/wp-content\/uploads\/2023\/12\/anthony-delanoix-hzgs56Ze49s-unsplash-2048x1365.jpg 2048w\" sizes=\"auto, (max-width: 1024px) 100vw, 1024px\" \/><\/figure>\n\n\n\n<p>Durchf\u00fchrung von Musik- und B\u00fchnenauff\u00fchrungen f\u00fcr Gruppen.<\/p>\n\n\n\n<p><a target=\"_blank\" rel=\"noreferrer noopener\" href=\"https:\/\/hr.linkedin.com\/in\/ljiljana-milkovi%C4%87-32135990\"><\/a><\/p>\n<\/div>\n\n\n\n<div class=\"wp-block-column is-layout-flow wp-container-core-column-is-layout-e3d1c41b wp-block-column-is-layout-flow\">\n<h3 class=\"wp-block-heading has-text-align-left is-style-asterisk has-body-font-family has-medium-font-size\" style=\"font-style:normal;font-weight:600\"><\/h3>\n\n\n\n<p class=\"has-text-align-left\"><\/p>\n<\/div>\n<\/div>\n<\/div>\n","protected":false},"excerpt":{"rendered":"<p>VAL-TOURS &#8211; Ihre T\u00fcr zu den verborgenen Sch\u00e4tzen Kroatien VAL-TOURS ist ein Reiseb\u00fcro mit Sitz in Osijek, Kroatien, das verschiedene touristische und Transportdienstleistungen insbesondere f\u00fcr Flusskreuzfahrtschiffe und deren Touristengruppen anbietet. Wir verf\u00fcgen \u00fcber erfahrenes Personal, moderne Busse und einzigartige Programme, die hausgemachte Mittagessen, Weinstra\u00dfen und Besuche historischer und nat\u00fcrlicher Sehensw\u00fcrdigkeiten der Region umfassen. Organisation lokaler [&hellip;]<\/p>\n","protected":false},"author":1,"featured_media":0,"parent":0,"menu_order":0,"comment_status":"closed","ping_status":"closed","template":"page-no-title","meta":{"footnotes":""},"class_list":["post-1279","page","type-page","status-publish","hentry"],"_links":{"self":[{"href":"https:\/\/valtours.hr\/index.php?rest_route=\/wp\/v2\/pages\/1279","targetHints":{"allow":["GET"]}}],"collection":[{"href":"https:\/\/valtours.hr\/index.php?rest_route=\/wp\/v2\/pages"}],"about":[{"href":"https:\/\/valtours.hr\/index.php?rest_route=\/wp\/v2\/types\/page"}],"author":[{"embeddable":true,"href":"https:\/\/valtours.hr\/index.php?rest_route=\/wp\/v2\/users\/1"}],"replies":[{"embeddable":true,"href":"https:\/\/valtours.hr\/index.php?rest_route=%2Fwp%2Fv2%2Fcomments&post=1279"}],"version-history":[{"count":15,"href":"https:\/\/valtours.hr\/index.php?rest_route=\/wp\/v2\/pages\/1279\/revisions"}],"predecessor-version":[{"id":1417,"href":"https:\/\/valtours.hr\/index.php?rest_route=\/wp\/v2\/pages\/1279\/revisions\/1417"}],"wp:attachment":[{"href":"https:\/\/valtours.hr\/index.php?rest_route=%2Fwp%2Fv2%2Fmedia&parent=1279"}],"curies":[{"name":"wp","href":"https:\/\/api.w.org\/{rel}","templated":true}]}}