{"id":1198,"date":"2023-12-05T09:50:20","date_gmt":"2023-12-05T09:50:20","guid":{"rendered":"https:\/\/valtours.hr\/web\/?page_id=1198"},"modified":"2023-12-20T12:55:08","modified_gmt":"2023-12-20T12:55:08","slug":"naslovna","status":"publish","type":"page","link":"https:\/\/valtours.hr\/?page_id=1198&lang=hr","title":{"rendered":"naslovna"},"content":{"rendered":"\n<div class=\"wp-block-group alignfull has-global-padding is-layout-constrained wp-container-core-group-is-layout-11c1ca01 wp-block-group-is-layout-constrained\" style=\"padding-right:var(--wp--preset--spacing--50);padding-left:var(--wp--preset--spacing--50)\">\n<div class=\"alignnormal\"><div id=\"metaslider-id-1214\" style=\"width: 100%; margin: 0 auto;\" class=\"ml-slider-3-103-0 metaslider metaslider-flex metaslider-1214 ml-slider ms-theme-default nav-hidden\" role=\"region\" aria-label=\"naslovna\" data-height=\"548\" data-width=\"1280\">\n    <div id=\"metaslider_container_1214\">\n        <div id=\"metaslider_1214\" class=\"flexslider\">\n            <ul class='slides'>\n                <li style=\"display: block; width: 100%;\" class=\"slide-1217 ms-image \" aria-roledescription=\"slide\" data-date=\"2023-12-05 13:54:23\" data-slide-type=\"image\"><img loading=\"lazy\" decoding=\"async\" src=\"https:\/\/valtours.hr\/web\/wp-content\/uploads\/2023\/12\/IMG-1d341d5d7e31b2cd188fda1f377361ac-V-1280x548.jpg\" height=\"548\" width=\"1280\" alt=\"\" class=\"slider-1214 slide-1217 msDefaultImage\" title=\"IMG-1d341d5d7e31b2cd188fda1f377361ac-V\" \/><\/li>\n                <li style=\"display: none; width: 100%;\" class=\"slide-1216 ms-image \" aria-roledescription=\"slide\" data-date=\"2023-12-05 13:54:23\" data-slide-type=\"image\"><img loading=\"lazy\" decoding=\"async\" src=\"https:\/\/valtours.hr\/web\/wp-content\/uploads\/2023\/12\/20220930_122525-scaled-1280x548.jpg\" height=\"548\" width=\"1280\" alt=\"\" class=\"slider-1214 slide-1216 msDefaultImage\" title=\"20220930_122525\" \/><\/li>\n                <li style=\"display: none; width: 100%;\" class=\"slide-1215 ms-image \" aria-roledescription=\"slide\" data-date=\"2023-12-05 13:54:22\" data-slide-type=\"image\"><img loading=\"lazy\" decoding=\"async\" src=\"https:\/\/valtours.hr\/web\/wp-content\/uploads\/2023\/12\/20180328_145923-scaled-1280x548.jpg\" height=\"548\" width=\"1280\" alt=\"\" class=\"slider-1214 slide-1215 msDefaultImage\" title=\"20180328_145923\" \/><\/li>\n                <li style=\"display: none; width: 100%;\" class=\"slide-1265 ms-image \" aria-roledescription=\"slide\" data-date=\"2023-12-07 18:12:57\" data-slide-type=\"image\"><img loading=\"lazy\" decoding=\"async\" src=\"https:\/\/valtours.hr\/web\/wp-content\/uploads\/2023\/12\/20190225_132523-scaled-1280x548.jpg\" height=\"548\" width=\"1280\" alt=\"\" class=\"slider-1214 slide-1265 msDefaultImage\" title=\"20190225_132523\" \/><\/li>\n            <\/ul>\n        <\/div>\n        \n    <\/div>\n<\/div><\/div>\n<\/div>\n\n\n\n<div class=\"wp-block-group alignfull has-global-padding is-layout-constrained wp-container-core-group-is-layout-d89aad35 wp-block-group-is-layout-constrained\" style=\"margin-top:0;margin-bottom:0;padding-top:var(--wp--preset--spacing--50);padding-right:var(--wp--preset--spacing--50);padding-bottom:var(--wp--preset--spacing--50);padding-left:var(--wp--preset--spacing--50)\">\n<div class=\"wp-block-group alignwide has-global-padding is-layout-constrained wp-container-core-group-is-layout-19e250f3 wp-block-group-is-layout-constrained\">\n<div class=\"wp-block-group is-vertical is-content-justification-center is-layout-flex wp-container-core-group-is-layout-6329a8f3 wp-block-group-is-layout-flex\">\n<h2 class=\"wp-block-heading has-text-align-center is-style-default\">VAL-TOURS &#8211; Va\u0161a vrata do skrivenih dragulja Hrvatske<\/h2>\n\n\n\n<p class=\"has-text-align-center\"><br>VAL-TOURS je putni\u010dka agencija sa sjedi\u0161tem u Osijeku, Hrvatska, koja nudi razne turisti\u010dke i transportne usluge, posebno za rije\u010dne turisti\u010dke brodove i njihove grupe turista. Imamo iskusno osoblje, moderne autobuse i jedinstvene programe koji uklju\u010duju doma\u0107e ru\u010dkove, vinske ceste i posjete povijesnim i prirodnim znamenitostima regije.<\/p>\n<\/div>\n\n\n\n<div style=\"height:var(--wp--preset--spacing--40)\" aria-hidden=\"true\" class=\"wp-block-spacer\"><\/div>\n\n\n\n<div class=\"wp-block-columns alignwide is-layout-flex wp-container-core-columns-is-layout-d1c656ed wp-block-columns-is-layout-flex\">\n<div class=\"wp-block-column is-vertically-aligned-center is-layout-flow wp-block-column-is-layout-flow\" style=\"flex-basis:40%\">\n<h3 class=\"wp-block-heading is-style-default\">Organizacija lokalnih izleta<\/h3>\n\n\n\n<p>Organiziramo \u0161iroki spektar lokalnih izleta; turisti\u010dko vo\u0111enje na podru\u010dju cijele Slavonije i Srijema u pratnji licenciranih turisti\u010dkih vodi\u010da, posjet vinarijama u vinskoj regiji Baranja i Ilok, prijevoz modernim turisti\u010dkim autobusima i kombijima iz vlastitog voznog parka<\/p>\n<\/div>\n\n\n\n<div class=\"wp-block-column is-layout-flow wp-block-column-is-layout-flow\" style=\"flex-basis:50%\">\n<figure class=\"wp-block-image size-full is-style-rounded is-style-rounded--1\"><img loading=\"lazy\" decoding=\"async\" width=\"1024\" height=\"683\" src=\"https:\/\/valtours.hr\/web\/wp-content\/uploads\/2023\/12\/inja-pavlic-PsNQLQC4kGg-unsplash-1024x683-1.jpg\" alt=\"\" class=\"wp-image-1304\" srcset=\"https:\/\/valtours.hr\/web\/wp-content\/uploads\/2023\/12\/inja-pavlic-PsNQLQC4kGg-unsplash-1024x683-1.jpg 1024w, https:\/\/valtours.hr\/web\/wp-content\/uploads\/2023\/12\/inja-pavlic-PsNQLQC4kGg-unsplash-1024x683-1-300x200.jpg 300w, https:\/\/valtours.hr\/web\/wp-content\/uploads\/2023\/12\/inja-pavlic-PsNQLQC4kGg-unsplash-1024x683-1-768x512.jpg 768w\" sizes=\"auto, (max-width: 1024px) 100vw, 1024px\" \/><\/figure>\n<\/div>\n<\/div>\n\n\n\n<div style=\"height:var(--wp--preset--spacing--40)\" aria-hidden=\"true\" class=\"wp-block-spacer\"><\/div>\n\n\n\n<div class=\"wp-block-columns alignwide is-layout-flex wp-container-core-columns-is-layout-d1c656ed wp-block-columns-is-layout-flex\">\n<div class=\"wp-block-column is-layout-flow wp-block-column-is-layout-flow\" style=\"flex-basis:50%\">\n<figure class=\"wp-block-image size-full is-style-rounded is-style-rounded--2\"><img loading=\"lazy\" decoding=\"async\" width=\"1024\" height=\"683\" src=\"https:\/\/valtours.hr\/web\/wp-content\/uploads\/2023\/12\/aleksey-petkovic-jQu6eDpUp0c-unsplash-1024x683-1.jpg\" alt=\"\" class=\"wp-image-1305\" srcset=\"https:\/\/valtours.hr\/web\/wp-content\/uploads\/2023\/12\/aleksey-petkovic-jQu6eDpUp0c-unsplash-1024x683-1.jpg 1024w, https:\/\/valtours.hr\/web\/wp-content\/uploads\/2023\/12\/aleksey-petkovic-jQu6eDpUp0c-unsplash-1024x683-1-300x200.jpg 300w, https:\/\/valtours.hr\/web\/wp-content\/uploads\/2023\/12\/aleksey-petkovic-jQu6eDpUp0c-unsplash-1024x683-1-768x512.jpg 768w\" sizes=\"auto, (max-width: 1024px) 100vw, 1024px\" \/><\/figure>\n<\/div>\n\n\n\n<div class=\"wp-block-column is-vertically-aligned-center is-layout-flow wp-block-column-is-layout-flow\" style=\"flex-basis:40%\">\n<h3 class=\"wp-block-heading is-style-default\">Logisti\u010dke usluge za rije\u010dne kruzere na Dunavu, Dravi, Savi<\/h3>\n\n\n\n<p><br>Specijalizirani smo za koordinaciju i provo\u0111enje programa za goste sa rije\u010dnih kruzera koji uklju\u010duju posjete Osijeku, Vukovaru, Iloku, Aljma\u0161u. Najve\u010da smo privatna turisti\u010dka DMC kompanija u isto\u010dnoj Hrvatskoj sa preko 20 godina iskustva u rije\u010dnom kruzing turizmu i jako smo ponosni na bogato iskustvo od 20 godina uspje\u0161nog poslovanja u ovom segmentu, te preko milijun zadovoljnih gostiju.<\/p>\n<\/div>\n<\/div>\n<\/div>\n<\/div>\n\n\n\n<div class=\"wp-block-group alignfull has-base-2-background-color has-background has-global-padding is-layout-constrained wp-container-core-group-is-layout-669513ed wp-block-group-is-layout-constrained\" style=\"margin-top:0;margin-bottom:0;padding-top:var(--wp--preset--spacing--50);padding-right:var(--wp--preset--spacing--50);padding-bottom:var(--wp--preset--spacing--50);padding-left:var(--wp--preset--spacing--50)\">\n<div class=\"wp-block-group is-vertical is-content-justification-center is-layout-flex wp-container-core-group-is-layout-52b864f0 wp-block-group-is-layout-flex\">\n<h2 class=\"wp-block-heading has-text-align-center is-style-default\">Poslovne aktivnosti VAL-TOURS<\/h2>\n\n\n\n<div style=\"height:0px\" aria-hidden=\"true\" class=\"wp-block-spacer wp-container-content-4f2ccadb\"><\/div>\n\n\n\n<p class=\"has-text-align-center\"><\/p>\n<\/div>\n\n\n\n<div style=\"margin-top:0;margin-bottom:0;height:var(--wp--preset--spacing--40)\" aria-hidden=\"true\" class=\"wp-block-spacer\"><\/div>\n\n\n\n<div class=\"wp-block-columns alignwide is-layout-flex wp-container-core-columns-is-layout-d0bbbce0 wp-block-columns-is-layout-flex\">\n<div class=\"wp-block-column is-layout-flow wp-container-core-column-is-layout-e3d1c41b wp-block-column-is-layout-flow\">\n<h3 class=\"wp-block-heading has-text-align-left is-style-asterisk has-body-font-family has-medium-font-size\" style=\"font-style:normal;font-weight:600\"><\/h3>\n\n\n\n<figure class=\"wp-block-image size-large has-custom-border\"><img loading=\"lazy\" decoding=\"async\" width=\"768\" height=\"1024\" src=\"https:\/\/valtours.hr\/web\/wp-content\/uploads\/2023\/12\/20180718_160500-768x1024.jpg\" alt=\"\" class=\"wp-image-1356\" style=\"border-radius:20px;aspect-ratio:16\/9;object-fit:cover\" srcset=\"https:\/\/valtours.hr\/web\/wp-content\/uploads\/2023\/12\/20180718_160500-768x1024.jpg 768w, https:\/\/valtours.hr\/web\/wp-content\/uploads\/2023\/12\/20180718_160500-225x300.jpg 225w, https:\/\/valtours.hr\/web\/wp-content\/uploads\/2023\/12\/20180718_160500-1152x1536.jpg 1152w, https:\/\/valtours.hr\/web\/wp-content\/uploads\/2023\/12\/20180718_160500-1536x2048.jpg 1536w, https:\/\/valtours.hr\/web\/wp-content\/uploads\/2023\/12\/20180718_160500-scaled.jpg 1920w\" sizes=\"auto, (max-width: 768px) 100vw, 768px\" \/><\/figure>\n\n\n\n<p class=\"has-text-align-left\">Organiziranje grupnih posjeta,&nbsp;ekskurzija,&nbsp;putovanja i doga\u0111aja.<\/p>\n<\/div>\n\n\n\n<div class=\"wp-block-column is-layout-flow wp-container-core-column-is-layout-e3d1c41b wp-block-column-is-layout-flow\">\n<h3 class=\"wp-block-heading has-text-align-left is-style-asterisk has-body-font-family has-medium-font-size\" style=\"font-style:normal;font-weight:600\"><\/h3>\n\n\n\n<figure class=\"wp-block-image size-large has-custom-border\"><img loading=\"lazy\" decoding=\"async\" width=\"1024\" height=\"768\" src=\"https:\/\/valtours.hr\/web\/wp-content\/uploads\/2023\/12\/20231019_163411-1024x768.jpg\" alt=\"\" class=\"wp-image-1358\" style=\"border-radius:20px;aspect-ratio:16\/9;object-fit:cover\" srcset=\"https:\/\/valtours.hr\/web\/wp-content\/uploads\/2023\/12\/20231019_163411-1024x768.jpg 1024w, https:\/\/valtours.hr\/web\/wp-content\/uploads\/2023\/12\/20231019_163411-300x225.jpg 300w, https:\/\/valtours.hr\/web\/wp-content\/uploads\/2023\/12\/20231019_163411-768x576.jpg 768w, https:\/\/valtours.hr\/web\/wp-content\/uploads\/2023\/12\/20231019_163411-1536x1152.jpg 1536w, https:\/\/valtours.hr\/web\/wp-content\/uploads\/2023\/12\/20231019_163411-2048x1536.jpg 2048w\" sizes=\"auto, (max-width: 1024px) 100vw, 1024px\" \/><\/figure>\n\n\n\n<p class=\"has-text-align-left\">Iznajmljivanje turisti\u010dkih kombija (do 9 sjedala),&nbsp;kao i specijalnih kombija za prijevoz osoba smanjene pokretljivosti.<\/p>\n<\/div>\n\n\n\n<div class=\"wp-block-column is-layout-flow wp-container-core-column-is-layout-e3d1c41b wp-block-column-is-layout-flow\">\n<h3 class=\"wp-block-heading has-text-align-left is-style-asterisk has-body-font-family has-medium-font-size\" style=\"font-style:normal;font-weight:600\"><\/h3>\n\n\n\n<figure class=\"wp-block-image size-large has-custom-border\"><img loading=\"lazy\" decoding=\"async\" width=\"1024\" height=\"768\" src=\"https:\/\/valtours.hr\/web\/wp-content\/uploads\/2023\/12\/20180328_145923-1024x768.jpg\" alt=\"\" class=\"wp-image-1349\" style=\"border-radius:20px;aspect-ratio:16\/9;object-fit:cover\" srcset=\"https:\/\/valtours.hr\/web\/wp-content\/uploads\/2023\/12\/20180328_145923-1024x768.jpg 1024w, https:\/\/valtours.hr\/web\/wp-content\/uploads\/2023\/12\/20180328_145923-300x225.jpg 300w, https:\/\/valtours.hr\/web\/wp-content\/uploads\/2023\/12\/20180328_145923-768x576.jpg 768w, https:\/\/valtours.hr\/web\/wp-content\/uploads\/2023\/12\/20180328_145923-1536x1152.jpg 1536w, https:\/\/valtours.hr\/web\/wp-content\/uploads\/2023\/12\/20180328_145923-2048x1536.jpg 2048w\" sizes=\"auto, (max-width: 1024px) 100vw, 1024px\" \/><\/figure>\n\n\n\n<p class=\"has-text-align-left\">Iznajmljivanje turisti\u010dkog autobusa s voza\u010dem (od 30 do 68 sjedala).<\/p>\n<\/div>\n<\/div>\n\n\n\n<div style=\"height:var(--wp--preset--spacing--20)\" aria-hidden=\"true\" class=\"wp-block-spacer\"><\/div>\n\n\n\n<div class=\"wp-block-columns alignwide is-layout-flex wp-container-core-columns-is-layout-d0bbbce0 wp-block-columns-is-layout-flex\">\n<div class=\"wp-block-column is-layout-flow wp-container-core-column-is-layout-e3d1c41b wp-block-column-is-layout-flow\">\n<h3 class=\"wp-block-heading has-text-align-left is-style-asterisk has-body-font-family has-medium-font-size\" style=\"font-style:normal;font-weight:600\"><\/h3>\n\n\n\n<figure class=\"wp-block-image size-large has-custom-border\"><img loading=\"lazy\" decoding=\"async\" width=\"1024\" height=\"768\" src=\"https:\/\/valtours.hr\/web\/wp-content\/uploads\/2023\/12\/20230812_184625-1024x768.jpg\" alt=\"\" class=\"wp-image-1357\" style=\"border-radius:20px;aspect-ratio:16\/9;object-fit:cover\" srcset=\"https:\/\/valtours.hr\/web\/wp-content\/uploads\/2023\/12\/20230812_184625-1024x768.jpg 1024w, https:\/\/valtours.hr\/web\/wp-content\/uploads\/2023\/12\/20230812_184625-300x225.jpg 300w, https:\/\/valtours.hr\/web\/wp-content\/uploads\/2023\/12\/20230812_184625-768x576.jpg 768w, https:\/\/valtours.hr\/web\/wp-content\/uploads\/2023\/12\/20230812_184625-1536x1152.jpg 1536w, https:\/\/valtours.hr\/web\/wp-content\/uploads\/2023\/12\/20230812_184625-2048x1536.jpg 2048w\" sizes=\"auto, (max-width: 1024px) 100vw, 1024px\" \/><\/figure>\n\n\n\n<p class=\"has-text-align-left\">Iznajmljivanje opreme za rekreaciju (bicikli,&nbsp;e-bicikli,&nbsp;kanui,&nbsp;\u010damci za ribolov na rijekama i na moru).<\/p>\n<\/div>\n\n\n\n<div class=\"wp-block-column is-layout-flow wp-container-core-column-is-layout-e3d1c41b wp-block-column-is-layout-flow\">\n<h3 class=\"wp-block-heading has-text-align-left is-style-asterisk has-body-font-family has-medium-font-size\" style=\"font-style:normal;font-weight:600\"><\/h3>\n\n\n\n<figure class=\"wp-block-image size-large has-custom-border\"><img loading=\"lazy\" decoding=\"async\" width=\"1024\" height=\"768\" src=\"https:\/\/valtours.hr\/web\/wp-content\/uploads\/2023\/12\/20230128_101221-1024x768.jpg\" alt=\"\" class=\"wp-image-1351\" style=\"border-radius:20px;aspect-ratio:16\/9;object-fit:cover\" srcset=\"https:\/\/valtours.hr\/web\/wp-content\/uploads\/2023\/12\/20230128_101221-1024x768.jpg 1024w, https:\/\/valtours.hr\/web\/wp-content\/uploads\/2023\/12\/20230128_101221-300x225.jpg 300w, https:\/\/valtours.hr\/web\/wp-content\/uploads\/2023\/12\/20230128_101221-768x576.jpg 768w, https:\/\/valtours.hr\/web\/wp-content\/uploads\/2023\/12\/20230128_101221-1536x1152.jpg 1536w, https:\/\/valtours.hr\/web\/wp-content\/uploads\/2023\/12\/20230128_101221-2048x1536.jpg 2048w\" sizes=\"auto, (max-width: 1024px) 100vw, 1024px\" \/><\/figure>\n\n\n\n<p class=\"has-text-align-left\">Ovla\u0161teni turisti\u010dki vodi\u010d (engleski,&nbsp;njema\u010dki,&nbsp;\u0161panjolski,&nbsp;talijanski,&nbsp;ma\u0111arski&#8230;).<\/p>\n<\/div>\n\n\n\n<div class=\"wp-block-column is-layout-flow wp-container-core-column-is-layout-e3d1c41b wp-block-column-is-layout-flow\">\n<h3 class=\"wp-block-heading has-text-align-left is-style-asterisk has-body-font-family has-medium-font-size\" style=\"font-style:normal;font-weight:600\"><\/h3>\n\n\n\n<figure class=\"wp-block-image size-large has-custom-border\"><img loading=\"lazy\" decoding=\"async\" width=\"1024\" height=\"768\" src=\"https:\/\/valtours.hr\/web\/wp-content\/uploads\/2023\/12\/20190225_132523-1024x768.jpg\" alt=\"\" class=\"wp-image-1355\" style=\"border-radius:20px;aspect-ratio:16\/9;object-fit:cover\" srcset=\"https:\/\/valtours.hr\/web\/wp-content\/uploads\/2023\/12\/20190225_132523-1024x768.jpg 1024w, https:\/\/valtours.hr\/web\/wp-content\/uploads\/2023\/12\/20190225_132523-300x225.jpg 300w, https:\/\/valtours.hr\/web\/wp-content\/uploads\/2023\/12\/20190225_132523-768x576.jpg 768w, https:\/\/valtours.hr\/web\/wp-content\/uploads\/2023\/12\/20190225_132523-1536x1152.jpg 1536w, https:\/\/valtours.hr\/web\/wp-content\/uploads\/2023\/12\/20190225_132523-2048x1536.jpg 2048w\" sizes=\"auto, (max-width: 1024px) 100vw, 1024px\" \/><\/figure>\n\n\n\n<p class=\"has-text-align-left\">Ovla\u0161teni biciklisti\u010dki vodi\u010di (engleski,&nbsp;njema\u010dki).<\/p>\n<\/div>\n<\/div>\n\n\n\n<div style=\"height:var(--wp--preset--spacing--20)\" aria-hidden=\"true\" class=\"wp-block-spacer\"><\/div>\n\n\n\n<div class=\"wp-block-columns alignwide is-layout-flex wp-container-core-columns-is-layout-d0bbbce0 wp-block-columns-is-layout-flex\">\n<div class=\"wp-block-column is-layout-flow wp-container-core-column-is-layout-e3d1c41b wp-block-column-is-layout-flow\">\n<h3 class=\"wp-block-heading has-text-align-left is-style-asterisk has-body-font-family has-medium-font-size\" style=\"font-style:normal;font-weight:600\"><\/h3>\n\n\n\n<figure class=\"wp-block-image size-large has-custom-border\"><img loading=\"lazy\" decoding=\"async\" width=\"1024\" height=\"768\" src=\"https:\/\/valtours.hr\/web\/wp-content\/uploads\/2023\/12\/20230128_101635-1024x768.jpg\" alt=\"\" class=\"wp-image-1350\" style=\"border-radius:20px;aspect-ratio:16\/9;object-fit:cover\" srcset=\"https:\/\/valtours.hr\/web\/wp-content\/uploads\/2023\/12\/20230128_101635-1024x768.jpg 1024w, https:\/\/valtours.hr\/web\/wp-content\/uploads\/2023\/12\/20230128_101635-300x225.jpg 300w, https:\/\/valtours.hr\/web\/wp-content\/uploads\/2023\/12\/20230128_101635-768x576.jpg 768w, https:\/\/valtours.hr\/web\/wp-content\/uploads\/2023\/12\/20230128_101635-1536x1152.jpg 1536w, https:\/\/valtours.hr\/web\/wp-content\/uploads\/2023\/12\/20230128_101635-2048x1536.jpg 2048w\" sizes=\"auto, (max-width: 1024px) 100vw, 1024px\" \/><\/figure>\n\n\n\n<p class=\"has-text-align-left\">Proizvodnja i prodaja autohtonih suvenira.<\/p>\n<\/div>\n\n\n\n<div class=\"wp-block-column is-layout-flow wp-container-core-column-is-layout-e3d1c41b wp-block-column-is-layout-flow\">\n<h3 class=\"wp-block-heading has-text-align-left is-style-asterisk has-body-font-family has-medium-font-size\" style=\"font-style:normal;font-weight:600\"><\/h3>\n\n\n\n<figure class=\"wp-block-image size-large has-custom-border\"><img loading=\"lazy\" decoding=\"async\" width=\"1024\" height=\"683\" src=\"https:\/\/valtours.hr\/web\/wp-content\/uploads\/2023\/12\/anthony-delanoix-hzgs56Ze49s-unsplash-1024x683.jpg\" alt=\"\" class=\"wp-image-1365\" style=\"border-radius:20px;aspect-ratio:16\/9;object-fit:cover\" srcset=\"https:\/\/valtours.hr\/web\/wp-content\/uploads\/2023\/12\/anthony-delanoix-hzgs56Ze49s-unsplash-1024x683.jpg 1024w, https:\/\/valtours.hr\/web\/wp-content\/uploads\/2023\/12\/anthony-delanoix-hzgs56Ze49s-unsplash-300x200.jpg 300w, https:\/\/valtours.hr\/web\/wp-content\/uploads\/2023\/12\/anthony-delanoix-hzgs56Ze49s-unsplash-768x512.jpg 768w, https:\/\/valtours.hr\/web\/wp-content\/uploads\/2023\/12\/anthony-delanoix-hzgs56Ze49s-unsplash-1536x1024.jpg 1536w, https:\/\/valtours.hr\/web\/wp-content\/uploads\/2023\/12\/anthony-delanoix-hzgs56Ze49s-unsplash-2048x1365.jpg 2048w\" sizes=\"auto, (max-width: 1024px) 100vw, 1024px\" \/><\/figure>\n\n\n\n<p>Organizacija glazbenih i kazali\u0161nih predstava za grupe.<\/p>\n\n\n\n<p><a target=\"_blank\" rel=\"noreferrer noopener\" href=\"https:\/\/hr.linkedin.com\/in\/ljiljana-milkovi%C4%87-32135990\"><\/a><\/p>\n<\/div>\n\n\n\n<div class=\"wp-block-column is-layout-flow wp-container-core-column-is-layout-e3d1c41b wp-block-column-is-layout-flow\">\n<h3 class=\"wp-block-heading has-text-align-left is-style-asterisk has-body-font-family has-medium-font-size\" style=\"font-style:normal;font-weight:600\"><\/h3>\n\n\n\n<p class=\"has-text-align-left\"><\/p>\n<\/div>\n<\/div>\n<\/div>\n","protected":false},"excerpt":{"rendered":"<p>VAL-TOURS &#8211; Va\u0161a vrata do skrivenih dragulja Hrvatske VAL-TOURS je putni\u010dka agencija sa sjedi\u0161tem u Osijeku, Hrvatska, koja nudi razne turisti\u010dke i transportne usluge, posebno za rije\u010dne turisti\u010dke brodove i njihove grupe turista. Imamo iskusno osoblje, moderne autobuse i jedinstvene programe koji uklju\u010duju doma\u0107e ru\u010dkove, vinske ceste i posjete povijesnim i prirodnim znamenitostima regije. Organizacija [&hellip;]<\/p>\n","protected":false},"author":1,"featured_media":0,"parent":0,"menu_order":0,"comment_status":"closed","ping_status":"closed","template":"page-no-title","meta":{"footnotes":""},"class_list":["post-1198","page","type-page","status-publish","hentry"],"_links":{"self":[{"href":"https:\/\/valtours.hr\/index.php?rest_route=\/wp\/v2\/pages\/1198","targetHints":{"allow":["GET"]}}],"collection":[{"href":"https:\/\/valtours.hr\/index.php?rest_route=\/wp\/v2\/pages"}],"about":[{"href":"https:\/\/valtours.hr\/index.php?rest_route=\/wp\/v2\/types\/page"}],"author":[{"embeddable":true,"href":"https:\/\/valtours.hr\/index.php?rest_route=\/wp\/v2\/users\/1"}],"replies":[{"embeddable":true,"href":"https:\/\/valtours.hr\/index.php?rest_route=%2Fwp%2Fv2%2Fcomments&post=1198"}],"version-history":[{"count":26,"href":"https:\/\/valtours.hr\/index.php?rest_route=\/wp\/v2\/pages\/1198\/revisions"}],"predecessor-version":[{"id":1418,"href":"https:\/\/valtours.hr\/index.php?rest_route=\/wp\/v2\/pages\/1198\/revisions\/1418"}],"wp:attachment":[{"href":"https:\/\/valtours.hr\/index.php?rest_route=%2Fwp%2Fv2%2Fmedia&parent=1198"}],"curies":[{"name":"wp","href":"https:\/\/api.w.org\/{rel}","templated":true}]}}